{"id":1081,"date":"2023-11-07T11:22:03","date_gmt":"2023-11-07T10:22:03","guid":{"rendered":"https:\/\/szymonjaniak.pl\/?page_id=1081"},"modified":"2025-01-29T23:16:22","modified_gmt":"2025-01-29T22:16:22","slug":"ksiazki","status":"publish","type":"page","link":"https:\/\/szymonjaniak.pl\/en\/ksiazki\/","title":{"rendered":"Books"},"content":{"rendered":"<div class=\"wp-block-columns is-layout-flex wp-container-core-columns-is-layout-9d6595d7 wp-block-columns-is-layout-flex\">\n<div class=\"wp-block-column is-layout-flow wp-block-column-is-layout-flow\" style=\"flex-basis:3%\"><\/div>\n\n\n\n<div class=\"wp-block-column is-vertically-aligned-top text-center is-layout-flow wp-block-column-is-layout-flow\"><div class=\"wp-block-image is-style-default\">\n<figure class=\"aligncenter size-full\"><a href=\"https:\/\/szymonjaniak.pl\/en\/od-zera-do-miliona-na-linkedin\/\"><img decoding=\"async\" src=\"data:image\/gif;base64,R0lGODlhAQABAIAAAAAAAP\/\/\/yH5BAEAAAAALAAAAAABAAEAAAIBRAA7\" data-src=\"https:\/\/szymonjaniak.pl\/wp-content\/uploads\/2025\/01\/linkedin-nowosc.png\" alt=\"\" class=\"wp-image-1293 lazyload\" style=\"object-fit:cover\"\/><noscript><img decoding=\"async\" width=\"345\" height=\"400\" src=\"https:\/\/szymonjaniak.pl\/wp-content\/uploads\/2025\/01\/linkedin-nowosc.png\" alt=\"\" class=\"wp-image-1293 lazyload\" style=\"object-fit:cover\" srcset=\"https:\/\/szymonjaniak.pl\/wp-content\/uploads\/2025\/01\/linkedin-nowosc.png 345w, https:\/\/szymonjaniak.pl\/wp-content\/uploads\/2025\/01\/linkedin-nowosc-259x300.png 259w, https:\/\/szymonjaniak.pl\/wp-content\/uploads\/2025\/01\/linkedin-nowosc-10x12.png 10w\" sizes=\"(max-width: 345px) 100vw, 345px\" \/><\/noscript><\/a><\/figure><\/div>\n\n\n<h3 class=\"wp-block-heading has-text-align-center mt-4\"><strong>Od zera do miliona na LinkedIn<\/strong><\/h3>\n\n\n\n<a class=\"btn-default d-inline-block z-30\" href=\"\/en\/od-zera-do-miliona-na-linkedin\/\">Check<\/a>\n<\/div>\n\n\n\n<div class=\"wp-block-column is-layout-flow wp-block-column-is-layout-flow\" style=\"flex-basis:5%\"><\/div>\n\n\n\n<div class=\"wp-block-column is-vertically-aligned-top text-center is-layout-flow wp-block-column-is-layout-flow\"><div class=\"wp-block-image is-style-default\">\n<figure class=\"aligncenter size-full\"><a href=\"https:\/\/szymonjaniak.pl\/en\/ksiazka-nowa\/\"><img decoding=\"async\" src=\"data:image\/gif;base64,R0lGODlhAQABAIAAAAAAAP\/\/\/yH5BAEAAAAALAAAAAABAAEAAAIBRAA7\" data-src=\"https:\/\/szymonjaniak.pl\/wp-content\/uploads\/2025\/01\/ciemna-strona.png\" alt=\"\" class=\"wp-image-1279 lazyload\" style=\"object-fit:cover\"\/><noscript><img decoding=\"async\" width=\"345\" height=\"400\" src=\"https:\/\/szymonjaniak.pl\/wp-content\/uploads\/2025\/01\/ciemna-strona.png\" alt=\"\" class=\"wp-image-1279 lazyload\" style=\"object-fit:cover\" srcset=\"https:\/\/szymonjaniak.pl\/wp-content\/uploads\/2025\/01\/ciemna-strona.png 345w, https:\/\/szymonjaniak.pl\/wp-content\/uploads\/2025\/01\/ciemna-strona-259x300.png 259w, https:\/\/szymonjaniak.pl\/wp-content\/uploads\/2025\/01\/ciemna-strona-10x12.png 10w\" sizes=\"(max-width: 345px) 100vw, 345px\" \/><\/noscript><\/a><\/figure><\/div>\n\n\n<h3 class=\"wp-block-heading has-text-align-center mt-4\"><strong>Ciemna strona start-up\u00f3w<\/strong><\/h3>\n\n\n\n<a class=\"btn-default d-inline-block z-30\" href=\"\/en\/ksiazka-nowa\/\">Check<\/a>\n<\/div>\n\n\n\n<div class=\"wp-block-column is-layout-flow wp-block-column-is-layout-flow\" style=\"flex-basis:3%\"><\/div>\n\n\n\n<div class=\"wp-block-column text-center is-layout-flow wp-block-column-is-layout-flow\"><div class=\"wp-block-image is-style-default wp-duotone-unset-1\">\n<figure class=\"aligncenter size-full\"><a href=\"https:\/\/szymonjaniak.pl\/en\/ksiazka\/\"><img decoding=\"async\" src=\"data:image\/gif;base64,R0lGODlhAQABAIAAAAAAAP\/\/\/yH5BAEAAAAALAAAAAABAAEAAAIBRAA7\" data-src=\"https:\/\/szymonjaniak.pl\/wp-content\/uploads\/2023\/11\/ksiazka_1.png\" alt=\"\" class=\"wp-image-1175 lazyload\"\/><noscript><img decoding=\"async\" width=\"345\" height=\"400\" src=\"https:\/\/szymonjaniak.pl\/wp-content\/uploads\/2023\/11\/ksiazka_1.png\" alt=\"\" class=\"wp-image-1175 lazyload\" srcset=\"https:\/\/szymonjaniak.pl\/wp-content\/uploads\/2023\/11\/ksiazka_1.png 345w, https:\/\/szymonjaniak.pl\/wp-content\/uploads\/2023\/11\/ksiazka_1-259x300.png 259w, https:\/\/szymonjaniak.pl\/wp-content\/uploads\/2023\/11\/ksiazka_1-10x12.png 10w\" sizes=\"(max-width: 345px) 100vw, 345px\" \/><\/noscript><\/a><\/figure><\/div>\n\n\n<h3 class=\"wp-block-heading has-text-align-center mt-4\"><strong>Start-up i Venture Capital<\/strong><\/h3>\n\n\n\n<a class=\"btn-default d-inline-block z-30\" href=\"\/en\/ksiazka\/\">Check<\/a>\n<\/div>\n\n\n\n<div class=\"wp-block-column is-layout-flow wp-block-column-is-layout-flow\" style=\"flex-basis:5%\"><\/div>\n<\/div>\n\n\n\n<p><\/p>","protected":false},"excerpt":{"rendered":"<p>Od zera do miliona na LinkedIn Sprawd\u017a Ciemna strona start-up\u00f3w Sprawd\u017a Start-up i Venture Capital Sprawd\u017a<\/p>","protected":false},"author":3,"featured_media":0,"parent":0,"menu_order":0,"comment_status":"closed","ping_status":"closed","template":"","meta":{"footnotes":""},"class_list":["post-1081","page","type-page","status-publish","hentry"],"acf":[],"yoast_head":"<!-- This site is optimized with the Yoast SEO plugin v26.0 - https:\/\/yoast.com\/wordpress\/plugins\/seo\/ -->\n<title>Ksi\u0105\u017cki - Szymon Janiak<\/title>\n<meta name=\"robots\" content=\"index, follow, max-snippet:-1, max-image-preview:large, max-video-preview:-1\" \/>\n<link rel=\"canonical\" href=\"https:\/\/szymonjaniak.pl\/en\/ksiazki\/\" \/>\n<meta property=\"og:locale\" content=\"en_GB\" \/>\n<meta property=\"og:type\" content=\"article\" \/>\n<meta property=\"og:title\" content=\"Ksi\u0105\u017cki - Szymon Janiak\" \/>\n<meta property=\"og:description\" content=\"Od zera do miliona na LinkedIn Sprawd\u017a Ciemna strona start-up\u00f3w Sprawd\u017a Start-up i Venture Capital Sprawd\u017a\" \/>\n<meta property=\"og:url\" content=\"https:\/\/szymonjaniak.pl\/en\/ksiazki\/\" \/>\n<meta property=\"og:site_name\" content=\"Szymon Janiak\" \/>\n<meta property=\"article:modified_time\" content=\"2025-01-29T22:16:22+00:00\" \/>\n<meta property=\"og:image\" content=\"https:\/\/szymonjaniak.pl\/wp-content\/uploads\/2025\/01\/linkedin-nowosc.png\" \/>\n\t<meta property=\"og:image:width\" content=\"345\" \/>\n\t<meta property=\"og:image:height\" content=\"400\" \/>\n\t<meta property=\"og:image:type\" content=\"image\/png\" \/>\n<meta name=\"twitter:card\" content=\"summary_large_image\" \/>\n<meta name=\"twitter:label1\" content=\"Est. reading time\" \/>\n\t<meta name=\"twitter:data1\" content=\"1 minute\" \/>\n<script type=\"application\/ld+json\" class=\"yoast-schema-graph\">{\"@context\":\"https:\/\/schema.org\",\"@graph\":[{\"@type\":\"WebPage\",\"@id\":\"https:\/\/szymonjaniak.pl\/ksiazki\/\",\"url\":\"https:\/\/szymonjaniak.pl\/ksiazki\/\",\"name\":\"Ksi\u0105\u017cki - Szymon Janiak\",\"isPartOf\":{\"@id\":\"https:\/\/szymonjaniak.pl\/#website\"},\"primaryImageOfPage\":{\"@id\":\"https:\/\/szymonjaniak.pl\/ksiazki\/#primaryimage\"},\"image\":{\"@id\":\"https:\/\/szymonjaniak.pl\/ksiazki\/#primaryimage\"},\"thumbnailUrl\":\"https:\/\/szymonjaniak.pl\/wp-content\/uploads\/2025\/01\/linkedin-nowosc.png\",\"datePublished\":\"2023-11-07T10:22:03+00:00\",\"dateModified\":\"2025-01-29T22:16:22+00:00\",\"breadcrumb\":{\"@id\":\"https:\/\/szymonjaniak.pl\/ksiazki\/#breadcrumb\"},\"inLanguage\":\"en-GB\",\"potentialAction\":[{\"@type\":\"ReadAction\",\"target\":[\"https:\/\/szymonjaniak.pl\/ksiazki\/\"]}]},{\"@type\":\"ImageObject\",\"inLanguage\":\"en-GB\",\"@id\":\"https:\/\/szymonjaniak.pl\/ksiazki\/#primaryimage\",\"url\":\"https:\/\/szymonjaniak.pl\/wp-content\/uploads\/2025\/01\/linkedin-nowosc.png\",\"contentUrl\":\"https:\/\/szymonjaniak.pl\/wp-content\/uploads\/2025\/01\/linkedin-nowosc.png\"},{\"@type\":\"BreadcrumbList\",\"@id\":\"https:\/\/szymonjaniak.pl\/ksiazki\/#breadcrumb\",\"itemListElement\":[{\"@type\":\"ListItem\",\"position\":1,\"name\":\"Home\",\"item\":\"https:\/\/szymonjaniak.pl\/\"},{\"@type\":\"ListItem\",\"position\":2,\"name\":\"Ksi\u0105\u017cki\"}]},{\"@type\":\"WebSite\",\"@id\":\"https:\/\/szymonjaniak.pl\/#website\",\"url\":\"https:\/\/szymonjaniak.pl\/\",\"name\":\"Szymon Janiak\",\"description\":\"\",\"potentialAction\":[{\"@type\":\"SearchAction\",\"target\":{\"@type\":\"EntryPoint\",\"urlTemplate\":\"https:\/\/szymonjaniak.pl\/?s={search_term_string}\"},\"query-input\":{\"@type\":\"PropertyValueSpecification\",\"valueRequired\":true,\"valueName\":\"search_term_string\"}}],\"inLanguage\":\"en-GB\"}]}<\/script>\n<!-- \/ Yoast SEO plugin. -->","yoast_head_json":{"title":"Ksi\u0105\u017cki - Szymon Janiak","robots":{"index":"index","follow":"follow","max-snippet":"max-snippet:-1","max-image-preview":"max-image-preview:large","max-video-preview":"max-video-preview:-1"},"canonical":"https:\/\/szymonjaniak.pl\/en\/ksiazki\/","og_locale":"en_GB","og_type":"article","og_title":"Ksi\u0105\u017cki - Szymon Janiak","og_description":"Od zera do miliona na LinkedIn Sprawd\u017a Ciemna strona start-up\u00f3w Sprawd\u017a Start-up i Venture Capital Sprawd\u017a","og_url":"https:\/\/szymonjaniak.pl\/en\/ksiazki\/","og_site_name":"Szymon Janiak","article_modified_time":"2025-01-29T22:16:22+00:00","og_image":[{"width":345,"height":400,"url":"https:\/\/szymonjaniak.pl\/wp-content\/uploads\/2025\/01\/linkedin-nowosc.png","type":"image\/png"}],"twitter_card":"summary_large_image","twitter_misc":{"Est. reading time":"1 minute"},"schema":{"@context":"https:\/\/schema.org","@graph":[{"@type":"WebPage","@id":"https:\/\/szymonjaniak.pl\/ksiazki\/","url":"https:\/\/szymonjaniak.pl\/ksiazki\/","name":"Ksi\u0105\u017cki - Szymon Janiak","isPartOf":{"@id":"https:\/\/szymonjaniak.pl\/#website"},"primaryImageOfPage":{"@id":"https:\/\/szymonjaniak.pl\/ksiazki\/#primaryimage"},"image":{"@id":"https:\/\/szymonjaniak.pl\/ksiazki\/#primaryimage"},"thumbnailUrl":"https:\/\/szymonjaniak.pl\/wp-content\/uploads\/2025\/01\/linkedin-nowosc.png","datePublished":"2023-11-07T10:22:03+00:00","dateModified":"2025-01-29T22:16:22+00:00","breadcrumb":{"@id":"https:\/\/szymonjaniak.pl\/ksiazki\/#breadcrumb"},"inLanguage":"en-GB","potentialAction":[{"@type":"ReadAction","target":["https:\/\/szymonjaniak.pl\/ksiazki\/"]}]},{"@type":"ImageObject","inLanguage":"en-GB","@id":"https:\/\/szymonjaniak.pl\/ksiazki\/#primaryimage","url":"https:\/\/szymonjaniak.pl\/wp-content\/uploads\/2025\/01\/linkedin-nowosc.png","contentUrl":"https:\/\/szymonjaniak.pl\/wp-content\/uploads\/2025\/01\/linkedin-nowosc.png"},{"@type":"BreadcrumbList","@id":"https:\/\/szymonjaniak.pl\/ksiazki\/#breadcrumb","itemListElement":[{"@type":"ListItem","position":1,"name":"Home","item":"https:\/\/szymonjaniak.pl\/"},{"@type":"ListItem","position":2,"name":"Ksi\u0105\u017cki"}]},{"@type":"WebSite","@id":"https:\/\/szymonjaniak.pl\/#website","url":"https:\/\/szymonjaniak.pl\/","name":"Szymon Janiak","description":"","potentialAction":[{"@type":"SearchAction","target":{"@type":"EntryPoint","urlTemplate":"https:\/\/szymonjaniak.pl\/?s={search_term_string}"},"query-input":{"@type":"PropertyValueSpecification","valueRequired":true,"valueName":"search_term_string"}}],"inLanguage":"en-GB"}]}},"_links":{"self":[{"href":"https:\/\/szymonjaniak.pl\/en\/wp-json\/wp\/v2\/pages\/1081","targetHints":{"allow":["GET"]}}],"collection":[{"href":"https:\/\/szymonjaniak.pl\/en\/wp-json\/wp\/v2\/pages"}],"about":[{"href":"https:\/\/szymonjaniak.pl\/en\/wp-json\/wp\/v2\/types\/page"}],"author":[{"embeddable":true,"href":"https:\/\/szymonjaniak.pl\/en\/wp-json\/wp\/v2\/users\/3"}],"replies":[{"embeddable":true,"href":"https:\/\/szymonjaniak.pl\/en\/wp-json\/wp\/v2\/comments?post=1081"}],"version-history":[{"count":35,"href":"https:\/\/szymonjaniak.pl\/en\/wp-json\/wp\/v2\/pages\/1081\/revisions"}],"predecessor-version":[{"id":1298,"href":"https:\/\/szymonjaniak.pl\/en\/wp-json\/wp\/v2\/pages\/1081\/revisions\/1298"}],"wp:attachment":[{"href":"https:\/\/szymonjaniak.pl\/en\/wp-json\/wp\/v2\/media?parent=1081"}],"curies":[{"name":"wp","href":"https:\/\/api.w.org\/{rel}","templated":true}]}}